{"id":1204,"date":"2023-09-29T19:01:11","date_gmt":"2023-09-29T19:01:11","guid":{"rendered":"https:\/\/laszirhusa.com\/es\/?page_id=1204"},"modified":"2024-01-03T16:50:19","modified_gmt":"2024-01-03T16:50:19","slug":"x16-superstone","status":"publish","type":"page","link":"https:\/\/laszirhusa.com\/es\/products\/quarrying-tyre-chains\/x16-superstone\/","title":{"rendered":"X16 Superstone"},"content":{"rendered":"\n<style type=\"text\/css\" data-created_by=\"avia_inline_auto\" id=\"style-css-av-letblk20-bd8ab303a2605ac4ec6e45769596e429\">\n.avia-section.av-letblk20-bd8ab303a2605ac4ec6e45769596e429{\nbackground-color:#f3f7fa;\nbackground-image:unset;\n}\n<\/style>\n<div id='av_section_1'  class='avia-section av-letblk20-bd8ab303a2605ac4ec6e45769596e429 main_color avia-section-default avia-no-border-styling  avia-builder-el-0  el_before_av_one_half  avia-builder-el-first  avia-bg-style-scroll container_wrap fullsize'  ><div class='container av-section-cont-open' ><main  role=\"main\" itemprop=\"mainContentOfPage\"  class='template-page content  av-content-full alpha units'><div class='post-entry post-entry-type-page post-entry-1204'><div class='entry-content-wrapper clearfix'>\n\n<style type=\"text\/css\" data-created_by=\"avia_inline_auto\" id=\"style-css-av-letblvlj-dba0370e141f634f99c805a4803b2943\">\n#top .av-special-heading.av-letblvlj-dba0370e141f634f99c805a4803b2943{\npadding-bottom:10px;\n}\nbody .av-special-heading.av-letblvlj-dba0370e141f634f99c805a4803b2943 .av-special-heading-tag .heading-char{\nfont-size:25px;\n}\n.av-special-heading.av-letblvlj-dba0370e141f634f99c805a4803b2943 .av-subheading{\nfont-size:15px;\n}\n<\/style>\n<div  class='av-special-heading av-letblvlj-dba0370e141f634f99c805a4803b2943 av-special-heading-h1 blockquote modern-quote  avia-builder-el-1  avia-builder-el-no-sibling '><h1 class='av-special-heading-tag'  itemprop=\"headline\"  >X16 Superstone<\/h1><div class=\"special-heading-border\"><div class=\"special-heading-inner-border\"><\/div><\/div><\/div>\n<\/div><\/div><\/main><!-- close content main element --><\/div><\/div><div id='after_section_1'  class='main_color av_default_container_wrap container_wrap fullsize'  ><div class='container av-section-cont-open' ><div class='template-page content  av-content-full alpha units'><div class='post-entry post-entry-type-page post-entry-1204'><div class='entry-content-wrapper clearfix'>\n<div  class='flex_column av-8xx2s-39b15b264e2a553d79415643384394af av_one_half  avia-builder-el-2  el_after_av_section  el_before_av_one_half  avia-builder-el-first  first flex_column_div  '     ><p>\n<style type=\"text\/css\" data-created_by=\"avia_inline_auto\" id=\"style-css-av-lf34fw5g-d48291653b5556a847d8683a12dc0033\">\n.avia-image-container.av-lf34fw5g-d48291653b5556a847d8683a12dc0033 img.avia_image{\nbox-shadow:none;\n}\n.avia-image-container.av-lf34fw5g-d48291653b5556a847d8683a12dc0033 .av-image-caption-overlay-center{\ncolor:#ffffff;\n}\n<\/style>\n<div  class='avia-image-container av-lf34fw5g-d48291653b5556a847d8683a12dc0033 av-styling- avia-align-center  avia-builder-el-3  el_before_av_hr  avia-builder-el-first '   itemprop=\"image\" itemscope=\"itemscope\" itemtype=\"https:\/\/schema.org\/ImageObject\" ><div class=\"avia-image-container-inner\"><div class=\"avia-image-overlay-wrap\"><img decoding=\"async\" fetchpriority=\"high\" class='wp-image-498 avia-img-lazy-loading-not-498 avia_image ' src=\"https:\/\/laszirhusa.com\/es\/wp-content\/uploads\/2023\/03\/x16-superstone.jpg\" alt='X16 Superstone' title=''  height=\"652\" width=\"923\"  itemprop=\"thumbnailUrl\" srcset=\"https:\/\/laszirhusa.com\/es\/wp-content\/uploads\/2023\/03\/x16-superstone.jpg 923w, https:\/\/laszirhusa.com\/es\/wp-content\/uploads\/2023\/03\/x16-superstone-300x212.jpg 300w, https:\/\/laszirhusa.com\/es\/wp-content\/uploads\/2023\/03\/x16-superstone-768x543.jpg 768w, https:\/\/laszirhusa.com\/es\/wp-content\/uploads\/2023\/03\/x16-superstone-260x185.jpg 260w, https:\/\/laszirhusa.com\/es\/wp-content\/uploads\/2023\/03\/x16-superstone-705x498.jpg 705w\" sizes=\"(max-width: 923px) 100vw, 923px\" \/><\/div><\/div><\/div><br \/>\n\n<style type=\"text\/css\" data-created_by=\"avia_inline_auto\" id=\"style-css-av-ln4y58i0-3b17ea5041a23f453616deae01466800\">\n#top .hr.hr-invisible.av-ln4y58i0-3b17ea5041a23f453616deae01466800{\nheight:10px;\n}\n<\/style>\n<div  class='hr av-ln4y58i0-3b17ea5041a23f453616deae01466800 hr-invisible  avia-builder-el-4  el_after_av_image  el_before_av_contact '><span class='hr-inner '><span class=\"hr-inner-style\"><\/span><\/span><\/div><br \/>\n<form action=\"https:\/\/laszirhusa.com\/es\/products\/quarrying-tyre-chains\/x16-superstone\/\" method=\"post\" data-fields-with-error=\"Found errors in the following field(s):\" class=\"avia_ajax_form av-form-labels-hidden   avia-builder-el-5  el_after_av_hr  avia-builder-el-last   \" data-avia-form-id=\"1\" data-avia-redirect='' ><h3 class=''>Get A Quick Quote For This Product Now<\/h3><fieldset><p class='  first_form  form_element form_element_half' id='element_avia_1_1'><label for=\"avia_1_1\">Nombre <abbr class=\"required\" title=\"requerido\">*<\/abbr><\/label> <input name=\"avia_1_1\" class=\"text_input is_empty\" type=\"text\" id=\"avia_1_1\" value=\"\"  placeholder='Nombre*'\/><\/p><p class='  form_element form_element_half' id='element_avia_2_1'><label for=\"avia_2_1\">E-Mail <abbr class=\"required\" title=\"requerido\">*<\/abbr><\/label> <input name=\"avia_2_1\" class=\"text_input is_email\" type=\"text\" id=\"avia_2_1\" value=\"\"  placeholder='E-Mail*'\/><\/p><p class='  first_form  form_element form_element_half' id='element_avia_3_1'><label for=\"avia_3_1\">Codigo del Pa\u00eds <abbr class=\"required\" title=\"requerido\">*<\/abbr><\/label><select  name=\"avia_3_1\" class=\"select is_empty\" id=\"avia_3_1\"><option class=\"av-placeholder\" disabled=\"disabled\" selected=\"selected\" value=''>Codigo del Pa\u00eds*<\/option><option   value='USA (+1)'>USA (+1)<\/option><option   value='Algeria (+213)'>Algeria (+213)<\/option><option   value='Andorra (+376)'>Andorra (+376)<\/option><option   value='Angola (+244)'>Angola (+244)<\/option><option   value='Anguilla (+1264)'>Anguilla (+1264)<\/option><option   value='Antigua & Barbuda (+1268)'>Antigua & Barbuda (+1268)<\/option><option   value='Argentina (+54)'>Argentina (+54)<\/option><option   value='Armenia (+374)'>Armenia (+374)<\/option><option   value='Aruba (+297)'>Aruba (+297)<\/option><option   value='Australia (+61)'>Australia (+61)<\/option><option   value='Austria (+43)'>Austria (+43)<\/option><option   value='Azerbaijan (+994)'>Azerbaijan (+994)<\/option><option   value='Bahamas (+1242)'>Bahamas (+1242)<\/option><option   value='Bahrain (+973)'>Bahrain (+973)<\/option><option   value='Bangladesh (+880)'>Bangladesh (+880)<\/option><option   value='Barbados (+1246)'>Barbados (+1246)<\/option><option   value='Belarus (+375)'>Belarus (+375)<\/option><option   value='Belgium (+32)'>Belgium (+32)<\/option><option   value='Belize (+501)'>Belize (+501)<\/option><option   value='Benin (+229)'>Benin (+229)<\/option><option   value='Bermuda (+1441)'>Bermuda (+1441)<\/option><option   value='Bhutan (+975)'>Bhutan (+975)<\/option><option   value='Bolivia (+591)'>Bolivia (+591)<\/option><option   value='Bosnia Herzegovina (+387)'>Bosnia Herzegovina (+387)<\/option><option   value='Botswana (+267)'>Botswana (+267)<\/option><option   value='Brazil (+55)'>Brazil (+55)<\/option><option   value='Brunei (+673)'>Brunei (+673)<\/option><option   value='Bulgaria (+359)'>Bulgaria (+359)<\/option><option   value='Burkina Faso (+226)'>Burkina Faso (+226)<\/option><option   value='Burundi (+257)'>Burundi (+257)<\/option><option   value='Cambodia (+855)'>Cambodia (+855)<\/option><option   value='Cameroon (+237)'>Cameroon (+237)<\/option><option   value='Canada (+1)'>Canada (+1)<\/option><option   value='Cape Verde Islands (+238)'>Cape Verde Islands (+238)<\/option><option   value='Cayman Islands (+1345)'>Cayman Islands (+1345)<\/option><option   value='Central African Republic (+236)'>Central African Republic (+236)<\/option><option   value='Chile (+56)'>Chile (+56)<\/option><option   value='China (+86)'>China (+86)<\/option><option   value='Colombia (+57)'>Colombia (+57)<\/option><option   value='Comoros (+269)'>Comoros (+269)<\/option><option   value='Congo (+242)'>Congo (+242)<\/option><option   value='Cook Islands (+682)'>Cook Islands (+682)<\/option><option   value='Costa Rica (+506)'>Costa Rica (+506)<\/option><option   value='Croatia (+385)'>Croatia (+385)<\/option><option   value='Cuba (+53)'>Cuba (+53)<\/option><option   value='Cyprus North (+90392)'>Cyprus North (+90392)<\/option><option   value='Cyprus South (+357)'>Cyprus South (+357)<\/option><option   value='Czech Republic (+42)'>Czech Republic (+42)<\/option><option   value='Denmark (+45)'>Denmark (+45)<\/option><option   value='Djibouti (+253)'>Djibouti (+253)<\/option><option   value='Dominica (+1809)'>Dominica (+1809)<\/option><option   value='Dominican Republic (+1809)'>Dominican Republic (+1809)<\/option><option   value='Ecuador (+593)'>Ecuador (+593)<\/option><option   value='Egypt (+20)'>Egypt (+20)<\/option><option   value='El Salvador (+503)'>El Salvador (+503)<\/option><option   value='Equatorial Guinea (+240)'>Equatorial Guinea (+240)<\/option><option   value='Eritrea (+291)'>Eritrea (+291)<\/option><option   value='Estonia (+372)'>Estonia (+372)<\/option><option   value='Ethiopia (+251)'>Ethiopia (+251)<\/option><option   value='Falkland Islands (+500)'>Falkland Islands (+500)<\/option><option   value='Faroe Islands (+298)'>Faroe Islands (+298)<\/option><option   value='Fiji (+679)'>Fiji (+679)<\/option><option   value='Finland (+358)'>Finland (+358)<\/option><option   value='France (+33)'>France (+33)<\/option><option   value='French Guiana (+594)'>French Guiana (+594)<\/option><option   value='French Polynesia (+689)'>French Polynesia (+689)<\/option><option   value='Gabon (+241)'>Gabon (+241)<\/option><option   value='Gambia (+220)'>Gambia (+220)<\/option><option   value='Georgia (+7880)'>Georgia (+7880)<\/option><option   value='Germany (+49)'>Germany (+49)<\/option><option   value='Ghana (+233)'>Ghana (+233)<\/option><option   value='Gibraltar (+350)'>Gibraltar (+350)<\/option><option   value='Greece (+30)'>Greece (+30)<\/option><option   value='Greenland (+299)'>Greenland (+299)<\/option><option   value='Grenada (+1473)'>Grenada (+1473)<\/option><option   value='Guadeloupe (+590)'>Guadeloupe (+590)<\/option><option   value='Guam (+671)'>Guam (+671)<\/option><option   value='Guatemala (+502)'>Guatemala (+502)<\/option><option   value='Guinea (+224)'>Guinea (+224)<\/option><option   value='Guinea - Bissau (+245)'>Guinea - Bissau (+245)<\/option><option   value='Guyana (+592)'>Guyana (+592)<\/option><option   value='Haiti (+509)'>Haiti (+509)<\/option><option   value='Honduras (+504)'>Honduras (+504)<\/option><option   value='Hong Kong (+852)'>Hong Kong (+852)<\/option><option   value='Hungary (+36)'>Hungary (+36)<\/option><option   value='Iceland (+354)'>Iceland (+354)<\/option><option   value='India (+91)'>India (+91)<\/option><option   value='Indonesia (+62)'>Indonesia (+62)<\/option><option   value='Iran (+98)'>Iran (+98)<\/option><option   value='Iraq (+964)'>Iraq (+964)<\/option><option   value='Ireland (+353)'>Ireland (+353)<\/option><option   value='Israel (+972)'>Israel (+972)<\/option><option   value='Italy (+39)'>Italy (+39)<\/option><option   value='Jamaica (+1876)'>Jamaica (+1876)<\/option><option   value='Japan (+81)'>Japan (+81)<\/option><option   value='Jordan (+962)'>Jordan (+962)<\/option><option   value='Kazakhstan (+7)'>Kazakhstan (+7)<\/option><option   value='Kenya (+254)'>Kenya (+254)<\/option><option   value='Kiribati (+686)'>Kiribati (+686)<\/option><option   value='Korea North (+850)'>Korea North (+850)<\/option><option   value='Korea South (+82)'>Korea South (+82)<\/option><option   value='Kuwait (+965)'>Kuwait (+965)<\/option><option   value='Kyrgyzstan (+996)'>Kyrgyzstan (+996)<\/option><option   value='Laos (+856)'>Laos (+856)<\/option><option   value='Latvia (+371)'>Latvia (+371)<\/option><option   value='Lebanon (+961)'>Lebanon (+961)<\/option><option   value='Lesotho (+266)'>Lesotho (+266)<\/option><option   value='Liberia (+231)'>Liberia (+231)<\/option><option   value='Libya (+218)'>Libya (+218)<\/option><option   value='Liechtenstein (+417)'>Liechtenstein (+417)<\/option><option   value='Lithuania (+370)'>Lithuania (+370)<\/option><option   value='Luxembourg (+352)'>Luxembourg (+352)<\/option><option   value='Macao (+853)'>Macao (+853)<\/option><option   value='Macedonia (+389)'>Macedonia (+389)<\/option><option   value='Madagascar (+261)'>Madagascar (+261)<\/option><option   value='Malawi (+265)'>Malawi (+265)<\/option><option   value='Malaysia (+60)'>Malaysia (+60)<\/option><option   value='Maldives (+960)'>Maldives (+960)<\/option><option   value='Mali (+223)'>Mali (+223)<\/option><option   value='Malta (+356)'>Malta (+356)<\/option><option   value='Marshall Islands (+692)'>Marshall Islands (+692)<\/option><option   value='Martinique (+596)'>Martinique (+596)<\/option><option   value='Mauritania (+222)'>Mauritania (+222)<\/option><option   value='Mayotte (+269)'>Mayotte (+269)<\/option><option   value='Mexico (+52)'>Mexico (+52)<\/option><option   value='Micronesia (+691)'>Micronesia (+691)<\/option><option   value='Moldova (+373)'>Moldova (+373)<\/option><option   value='Monaco (+377)'>Monaco (+377)<\/option><option   value='Mongolia (+976)'>Mongolia (+976)<\/option><option   value='Montserrat (+1664)'>Montserrat (+1664)<\/option><option   value='Morocco (+212)'>Morocco (+212)<\/option><option   value='Mozambique (+258)'>Mozambique (+258)<\/option><option   value='Myanmar (+95)'>Myanmar (+95)<\/option><option   value='Namibia (+264)'>Namibia (+264)<\/option><option   value='Nauru (+674)'>Nauru (+674)<\/option><option   value='Nepal (+977)'>Nepal (+977)<\/option><option   value='Netherlands (+31)'>Netherlands (+31)<\/option><option   value='New Caledonia (+687)'>New Caledonia (+687)<\/option><option   value='New Zealand (+64)'>New Zealand (+64)<\/option><option   value='Nicaragua (+505)'>Nicaragua (+505)<\/option><option   value='Niger (+227)'>Niger (+227)<\/option><option   value='Nigeria (+234)'>Nigeria (+234)<\/option><option   value='Niue (+683)'>Niue (+683)<\/option><option   value='Norfolk Islands (+672)'>Norfolk Islands (+672)<\/option><option   value='Northern Marianas (+670)'>Northern Marianas (+670)<\/option><option   value='Norway (+47)'>Norway (+47)<\/option><option   value='Oman (+968)'>Oman (+968)<\/option><option   value='Palau (+680)'>Palau (+680)<\/option><option   value='Panama (+507)'>Panama (+507)<\/option><option   value='Papua New Guinea (+675)'>Papua New Guinea (+675)<\/option><option   value='Paraguay (+595)'>Paraguay (+595)<\/option><option   value='Peru (+51)'>Peru (+51)<\/option><option   value='Philippines (+63)'>Philippines (+63)<\/option><option   value='Poland (+48)'>Poland (+48)<\/option><option   value='Portugal (+351)'>Portugal (+351)<\/option><option   value='Puerto Rico (+1787)'>Puerto Rico (+1787)<\/option><option   value='Qatar (+974)'>Qatar (+974)<\/option><option   value='Reunion (+262)'>Reunion (+262)<\/option><option   value='Romania (+40)'>Romania (+40)<\/option><option   value='Russia (+7)'>Russia (+7)<\/option><option   value='Rwanda (+250)'>Rwanda (+250)<\/option><option   value='San Marino (+378)'>San Marino (+378)<\/option><option   value='Sao Tome & Principe (+239)'>Sao Tome & Principe (+239)<\/option><option   value='Saudi Arabia (+966)'>Saudi Arabia (+966)<\/option><option   value='Senegal (+221)'>Senegal (+221)<\/option><option   value='Serbia (+381)'>Serbia (+381)<\/option><option   value='Seychelles (+248)'>Seychelles (+248)<\/option><option   value='Sierra Leone (+232)'>Sierra Leone (+232)<\/option><option   value='Singapore (+65)'>Singapore (+65)<\/option><option   value='Slovak Republic (+421)'>Slovak Republic (+421)<\/option><option   value='Slovenia (+386)'>Slovenia (+386)<\/option><option   value='Solomon Islands (+677)'>Solomon Islands (+677)<\/option><option   value='Somalia (+252)'>Somalia (+252)<\/option><option   value='South Africa (+27)'>South Africa (+27)<\/option><option   value='Spain (+34)'>Spain (+34)<\/option><option   value='Sri Lanka (+94)'>Sri Lanka (+94)<\/option><option   value='St. Helena (+290)'>St. Helena (+290)<\/option><option   value='St. Kitts (+1869)'>St. Kitts (+1869)<\/option><option   value='St. Lucia (+1758)'>St. Lucia (+1758)<\/option><option   value='Sudan (+249)'>Sudan (+249)<\/option><option   value='Suriname (+597)'>Suriname (+597)<\/option><option   value='Swaziland (+268)'>Swaziland (+268)<\/option><option   value='Sweden (+46)'>Sweden (+46)<\/option><option   value='Switzerland (+41)'>Switzerland (+41)<\/option><option   value='Syria (+963)'>Syria (+963)<\/option><option   value='Taiwan (+886)'>Taiwan (+886)<\/option><option   value='Tajikstan (+7)'>Tajikstan (+7)<\/option><option   value='Thailand (+66)'>Thailand (+66)<\/option><option   value='Togo (+228)'>Togo (+228)<\/option><option   value='Tonga (+676)'>Tonga (+676)<\/option><option   value='Trinidad & Tobago (+1868)'>Trinidad & Tobago (+1868)<\/option><option   value='Tunisia (+216)'>Tunisia (+216)<\/option><option   value='Turkey (+90)'>Turkey (+90)<\/option><option   value='Turkmenistan (+7)'>Turkmenistan (+7)<\/option><option   value='Turkmenistan (+993)'>Turkmenistan (+993)<\/option><option   value='Turks & Caicos Islands (+1649)'>Turks & Caicos Islands (+1649)<\/option><option   value='Tuvalu (+688)'>Tuvalu (+688)<\/option><option   value='Uganda (+256)'>Uganda (+256)<\/option><option   value='Ukraine (+380)'>Ukraine (+380)<\/option><option   value='United Arab Emirates (+971)'>United Arab Emirates (+971)<\/option><option   value='Uruguay (+598)'>Uruguay (+598)<\/option><option   value='Uzbekistan (+7)'>Uzbekistan (+7)<\/option><option   value='Vanuatu (+678)'>Vanuatu (+678)<\/option><option   value='Vatican City (+379)'>Vatican City (+379)<\/option><option   value='Venezuela (+58)'>Venezuela (+58)<\/option><option   value='Vietnam (+84)'>Vietnam (+84)<\/option><option   value='Virgin Islands - British (+1284)'>Virgin Islands - British (+1284)<\/option><option   value='Virgin Islands - US (+1340)'>Virgin Islands - US (+1340)<\/option><option   value='Wallis & Futuna (+681)'>Wallis & Futuna (+681)<\/option><option   value='Yemen (North)(+969)'>Yemen (North)(+969)<\/option><option   value='Yemen (South)(+967)'>Yemen (South)(+967)<\/option><option   value='Zambia (+260)'>Zambia (+260)<\/option><option   value='Zimbabwe (+263)'>Zimbabwe (+263)<\/option><\/select><\/p><p class='  form_element form_element_half' id='element_avia_4_1'><label for=\"avia_4_1\">Tel\u00e9fono <abbr class=\"required\" title=\"requerido\">*<\/abbr><\/label> <input name=\"avia_4_1\" class=\"text_input is_phone\" type=\"text\" id=\"avia_4_1\" value=\"\"  placeholder='Tel\u00e9fono*'\/><\/p><p class='  first_form  form_element form_element_half' id='element_avia_5_1'><label for=\"avia_5_1\">Producto <abbr class=\"required\" title=\"requerido\">*<\/abbr><\/label><select  name=\"avia_5_1\" class=\"select is_empty\" id=\"avia_5_1\"><option class=\"av-placeholder\" disabled=\"disabled\" selected=\"selected\" value=''>Producto*<\/option><option   value='X16 Superstone'>X16 Superstone<\/option><\/select><\/p><p class='  form_element form_element_half' id='element_avia_6_1'><label for=\"avia_6_1\">Cantidad <abbr class=\"required\" title=\"requerido\">*<\/abbr><\/label> <input name=\"avia_6_1\" class=\"text_input is_empty\" type=\"text\" id=\"avia_6_1\" value=\"\"  placeholder='Cantidad*'\/><\/p><p class='  first_form  form_element form_fullwidth' id='element_avia_7_1'><label for=\"avia_7_1\" class=\"textare_label hidden textare_label_avia_7_1\">Mensaje <abbr class=\"required\" title=\"requerido\">*<\/abbr><\/label><textarea  placeholder='Mensaje*' name=\"avia_7_1\" class=\"text_area is_empty\" cols=\"40\" rows=\"7\" id=\"avia_7_1\" ><\/textarea><\/p><p class=\"hidden\"><input type=\"text\" name=\"avia_8_1\" class=\"hidden \" id=\"avia_8_1\" value=\"\" \/><\/p><div id='avia_9_1' class='av-recaptcha-area  first_form  form_element form_fullwidth '  data-container_class=\"\" data-custom_class=\"\" data-context=\"av_contact_form\" data-token_input=\"av_recaptcha_token\" data-version=\"avia_recaptcha_v2\" data-theme=\"light\" data-size=\"normal\" data-score=\"0.5\" data-text_to_preview=\"\" data-value=\"\"><div class=\"av-google-badge-message hidden\">This site is protected by reCAPTCHA and the Google <a href=\"https:\/\/policies.google.com\/privacy\">Privacy Policy<\/a> and <a href=\"https:\/\/policies.google.com\/terms\">Terms of Service<\/a> apply.<\/div><\/div><p class=\"form_element \"><input type=\"hidden\" value=\"1\" name=\"avia_generated_form1\" \/><input type=\"submit\" value=\"Enviar\" class=\"button\"  data-sending-label=\"Enviando\"\/><\/p><\/fieldset><div class=\"avia-disabled-form\">This contact form is deactivated because you refused to accept Google reCaptcha service which is necessary to validate any messages sent by the form.<\/div><\/form><div id=\"ajaxresponse_1\" class=\"ajaxresponse ajaxresponse_1 hidden\"><\/div><\/p><\/div>\n<div  class='flex_column av-n7tuk-8bd3a8a7715008576c9186f75db2269c av_one_half  avia-builder-el-6  el_after_av_one_half  avia-builder-el-last  flex_column_div  '     ><p><div id='avia-messagebox-' class='avia_message_box av_notification av-ln24ssqe-42c39ae22c9871028480430c71f43b47 avia-color-green avia-size-normal avia-icon_select-yes avia-border-  avia-builder-el-7  el_before_av_textblock  avia-builder-el-first ' ><div class=\"avia_message_box_content\"><span class='avia_message_box_icon' aria-hidden='true' data-av_icon='\ue89a' data-av_iconfont='entypo-fontello'><\/span><p>Disponible<\/p>\n<\/div><\/div><br \/>\n<section  class='av_textblock_section av-lf34d9y7-285dfcad2725e36dcea20186b1801d92 '   itemscope=\"itemscope\" itemtype=\"https:\/\/schema.org\/CreativeWork\" ><div class='avia_textblock'  itemprop=\"text\" ><p><span style=\"font-weight: 400;\">Con base en invaluables a\u00f1os de experiencia, el modelo X16 Superstone, ha sido meticulosamente dise\u00f1ado para canteras de m\u00e1rmol y otras canteras de piedra natural. Se encuentra entre las opciones preferidas de nuestros clientes, principalmente debido a sus eslabones de agarre que ofrecen una notable mejora en la tracci\u00f3n. Este producto no solo aumenta la capacidad de manejo de bloques, sino que tambi\u00e9n refuerza significativamente la seguridad operativa y la eficiencia del combustible, un aspecto de suma importancia.<\/span><\/p>\n<p>Especificaciones t\u00e9cnicas:<\/p>\n<p>Dimensiones del eslab\u00f3n (WxHxL): <span style=\"font-weight: 400;\">24x 50 x 81 mm<\/span><\/p>\n<p>Abertura:<span style=\"font-weight: 400;\"> 68 mm<\/span><\/p>\n<p>\u00c1reas de uso:<span style=\"font-weight: 400;\"> Cantera de granito, Operaciones de Reciclaje y Chatarra\u00a0\u00a0<\/span><\/p>\n<p>Tama\u00f1o de llantas compatibles:<span style=\"font-weight: 400;\">\u00a0 Operaci\u00f3n de Reciclaje y Chatarra, Cantera de granito<\/span><\/p>\n<\/div><\/section><\/p><\/div>\n","protected":false},"excerpt":{"rendered":"","protected":false},"author":3,"featured_media":0,"parent":597,"menu_order":0,"comment_status":"closed","ping_status":"closed","template":"","meta":{"footnotes":"","_links_to":"","_links_to_target":""},"class_list":["post-1204","page","type-page","status-publish","hentry"],"aioseo_notices":[],"_links":{"self":[{"href":"https:\/\/laszirhusa.com\/es\/wp-json\/wp\/v2\/pages\/1204","targetHints":{"allow":["GET"]}}],"collection":[{"href":"https:\/\/laszirhusa.com\/es\/wp-json\/wp\/v2\/pages"}],"about":[{"href":"https:\/\/laszirhusa.com\/es\/wp-json\/wp\/v2\/types\/page"}],"author":[{"embeddable":true,"href":"https:\/\/laszirhusa.com\/es\/wp-json\/wp\/v2\/users\/3"}],"replies":[{"embeddable":true,"href":"https:\/\/laszirhusa.com\/es\/wp-json\/wp\/v2\/comments?post=1204"}],"version-history":[{"count":8,"href":"https:\/\/laszirhusa.com\/es\/wp-json\/wp\/v2\/pages\/1204\/revisions"}],"predecessor-version":[{"id":1948,"href":"https:\/\/laszirhusa.com\/es\/wp-json\/wp\/v2\/pages\/1204\/revisions\/1948"}],"up":[{"embeddable":true,"href":"https:\/\/laszirhusa.com\/es\/wp-json\/wp\/v2\/pages\/597"}],"wp:attachment":[{"href":"https:\/\/laszirhusa.com\/es\/wp-json\/wp\/v2\/media?parent=1204"}],"curies":[{"name":"wp","href":"https:\/\/api.w.org\/{rel}","templated":true}]}}